{"id":3,"date":"2021-09-06T03:24:38","date_gmt":"2021-09-06T03:24:38","guid":{"rendered":"https:\/\/bonplasic.com.ar\/?page_id=3"},"modified":"2021-09-07T02:48:00","modified_gmt":"2021-09-07T02:48:00","slug":"nosotros","status":"publish","type":"page","link":"https:\/\/bonplasic.com.ar\/index.php\/nosotros\/","title":{"rendered":"About"},"content":{"rendered":"\t\t<div data-elementor-type=\"wp-page\" data-elementor-id=\"3\" class=\"elementor elementor-3\">\n\t\t\t\t\t\t<section class=\"elementor-section elementor-top-section elementor-element elementor-element-64e65363 elementor-section-height-full elementor-section-content-middle elementor-section-boxed elementor-section-height-default elementor-section-items-middle\" data-id=\"64e65363\" data-element_type=\"section\" data-e-type=\"section\" data-settings=\"{&quot;background_background&quot;:&quot;slideshow&quot;,&quot;background_slideshow_gallery&quot;:[{&quot;id&quot;:93,&quot;url&quot;:&quot;https:\\\/\\\/bonplasic.com.ar\\\/wp-content\\\/uploads\\\/2021\\\/09\\\/bonplasic-productos1.jpeg&quot;},{&quot;id&quot;:94,&quot;url&quot;:&quot;https:\\\/\\\/bonplasic.com.ar\\\/wp-content\\\/uploads\\\/2021\\\/09\\\/bonplasic-productos2.jpeg&quot;},{&quot;id&quot;:95,&quot;url&quot;:&quot;https:\\\/\\\/bonplasic.com.ar\\\/wp-content\\\/uploads\\\/2021\\\/09\\\/bonplasic-productos3.jpeg&quot;}],&quot;background_slideshow_slide_duration&quot;:4000,&quot;background_slideshow_transition_duration&quot;:908,&quot;background_slideshow_loop&quot;:&quot;yes&quot;,&quot;background_slideshow_slide_transition&quot;:&quot;fade&quot;}\">\n\t\t\t\t\t\t\t<div class=\"elementor-background-overlay\"><\/div>\n\t\t\t\t\t\t\t<div class=\"elementor-container elementor-column-gap-default\">\n\t\t\t\t\t<div class=\"elementor-column elementor-col-100 elementor-top-column elementor-element elementor-element-1519a7d1\" data-id=\"1519a7d1\" data-element_type=\"column\" data-e-type=\"column\">\n\t\t\t<div class=\"elementor-widget-wrap elementor-element-populated\">\n\t\t\t\t\t\t<section class=\"elementor-section elementor-inner-section elementor-element elementor-element-3251df1 elementor-section-boxed elementor-section-height-default elementor-section-height-default\" data-id=\"3251df1\" data-element_type=\"section\" data-e-type=\"section\">\n\t\t\t\t\t\t<div class=\"elementor-container elementor-column-gap-default\">\n\t\t\t\t\t<div class=\"elementor-column elementor-col-33 elementor-inner-column elementor-element elementor-element-3ebcc46\" data-id=\"3ebcc46\" data-element_type=\"column\" data-e-type=\"column\">\n\t\t\t<div class=\"elementor-widget-wrap\">\n\t\t\t\t\t\t\t<\/div>\n\t\t<\/div>\n\t\t\t\t<div class=\"elementor-column elementor-col-33 elementor-inner-column elementor-element elementor-element-14df55d\" data-id=\"14df55d\" data-element_type=\"column\" data-e-type=\"column\" data-settings=\"{&quot;background_background&quot;:&quot;classic&quot;}\">\n\t\t\t<div class=\"elementor-widget-wrap elementor-element-populated\">\n\t\t\t\t\t\t<div class=\"elementor-element elementor-element-5cf14efb elementor-widget elementor-widget-text-editor\" data-id=\"5cf14efb\" data-element_type=\"widget\" data-e-type=\"widget\" data-widget_type=\"text-editor.default\">\n\t\t\t\t<div class=\"elementor-widget-container\">\n\t\t\t\t\t\t\t\t\t<h3 style=\"text-align: center;\"><span style=\"color: #ffffff;\"><em><strong>Nosotros<\/strong><\/em><\/span><\/h3>\n<p><span style=\"color: #ffffff;\"><strong><em>Somos una empresa en expansi\u00f3n, que fabrica envases soplados y realiza impresi\u00f3n en Off-set, Serigraf\u00eda con matricer\u00eda propia y dise\u00f1o industrial gr\u00e1fico. Estamos vigentes porque 25 a\u00f1os de trayectoria nos avalan. Tenemos el objetivo de crecer en nuestros desaf\u00edos y emprendimientos junto a Uds. Contando con personal capacitado que brinda respuestas y soluciones de calidad. Siempre trabajando para la mejora continua y alineados a las normas ISO 9001.<\/em><\/strong><\/span><\/p>\n<p>\u00a0<\/p>\n<p>\u00a0<\/p>\n\t\t\t\t\t\t\t\t<\/div>\n\t\t\t\t<\/div>\n\t\t\t\t\t<\/div>\n\t\t<\/div>\n\t\t\t\t<div class=\"elementor-column elementor-col-33 elementor-inner-column elementor-element elementor-element-85f94b7\" data-id=\"85f94b7\" data-element_type=\"column\" data-e-type=\"column\">\n\t\t\t<div class=\"elementor-widget-wrap\">\n\t\t\t\t\t\t\t<\/div>\n\t\t<\/div>\n\t\t\t\t\t<\/div>\n\t\t<\/section>\n\t\t\t\t<section class=\"elementor-section elementor-inner-section elementor-element elementor-element-300421e elementor-section-boxed elementor-section-height-default elementor-section-height-default\" data-id=\"300421e\" data-element_type=\"section\" data-e-type=\"section\">\n\t\t\t\t\t\t<div class=\"elementor-container elementor-column-gap-default\">\n\t\t\t\t\t<div class=\"elementor-column elementor-col-50 elementor-inner-column elementor-element elementor-element-162ee01\" data-id=\"162ee01\" data-element_type=\"column\" data-e-type=\"column\">\n\t\t\t<div class=\"elementor-widget-wrap\">\n\t\t\t\t\t\t\t<\/div>\n\t\t<\/div>\n\t\t\t\t<div class=\"elementor-column elementor-col-50 elementor-inner-column elementor-element elementor-element-bdde96f\" data-id=\"bdde96f\" data-element_type=\"column\" data-e-type=\"column\">\n\t\t\t<div class=\"elementor-widget-wrap\">\n\t\t\t\t\t\t\t<\/div>\n\t\t<\/div>\n\t\t\t\t\t<\/div>\n\t\t<\/section>\n\t\t\t\t<section class=\"elementor-section elementor-inner-section elementor-element elementor-element-28bee99 elementor-section-boxed elementor-section-height-default elementor-section-height-default\" data-id=\"28bee99\" data-element_type=\"section\" data-e-type=\"section\">\n\t\t\t\t\t\t\t<div class=\"elementor-background-overlay\"><\/div>\n\t\t\t\t\t\t\t<div class=\"elementor-container elementor-column-gap-default\">\n\t\t\t\t\t<div class=\"elementor-column elementor-col-100 elementor-inner-column elementor-element elementor-element-e60d973\" data-id=\"e60d973\" data-element_type=\"column\" data-e-type=\"column\">\n\t\t\t<div class=\"elementor-widget-wrap elementor-element-populated\">\n\t\t\t\t\t\t<div class=\"elementor-element elementor-element-4f04ebf elementor-widget elementor-widget-spacer\" data-id=\"4f04ebf\" data-element_type=\"widget\" data-e-type=\"widget\" data-widget_type=\"spacer.default\">\n\t\t\t\t<div class=\"elementor-widget-container\">\n\t\t\t\t\t\t\t<div class=\"elementor-spacer\">\n\t\t\t<div class=\"elementor-spacer-inner\"><\/div>\n\t\t<\/div>\n\t\t\t\t\t\t<\/div>\n\t\t\t\t<\/div>\n\t\t\t\t\t<\/div>\n\t\t<\/div>\n\t\t\t\t\t<\/div>\n\t\t<\/section>\n\t\t\t\t\t<\/div>\n\t\t<\/div>\n\t\t\t\t\t<\/div>\n\t\t<\/section>\n\t\t\t\t<\/div>\n\t\t","protected":false},"excerpt":{"rendered":"<p>Nosotros Somos una empresa en expansi\u00f3n, que fabrica envases soplados y realiza impresi\u00f3n en Off-set, Serigraf\u00eda con matricer\u00eda propia y dise\u00f1o industrial gr\u00e1fico. Estamos vigentes porque 25 a\u00f1os de trayectoria nos avalan. Tenemos el objetivo de crecer en nuestros desaf\u00edos y emprendimientos junto a Uds. Contando con personal capacitado que brinda respuestas y soluciones de [&hellip;]<\/p>\n","protected":false},"author":1,"featured_media":0,"parent":0,"menu_order":0,"comment_status":"closed","ping_status":"closed","template":"elementor_header_footer","meta":{"footnotes":""},"class_list":["post-3","page","type-page","status-publish","hentry"],"_links":{"self":[{"href":"https:\/\/bonplasic.com.ar\/index.php\/wp-json\/wp\/v2\/pages\/3","targetHints":{"allow":["GET"]}}],"collection":[{"href":"https:\/\/bonplasic.com.ar\/index.php\/wp-json\/wp\/v2\/pages"}],"about":[{"href":"https:\/\/bonplasic.com.ar\/index.php\/wp-json\/wp\/v2\/types\/page"}],"author":[{"embeddable":true,"href":"https:\/\/bonplasic.com.ar\/index.php\/wp-json\/wp\/v2\/users\/1"}],"replies":[{"embeddable":true,"href":"https:\/\/bonplasic.com.ar\/index.php\/wp-json\/wp\/v2\/comments?post=3"}],"version-history":[{"count":26,"href":"https:\/\/bonplasic.com.ar\/index.php\/wp-json\/wp\/v2\/pages\/3\/revisions"}],"predecessor-version":[{"id":124,"href":"https:\/\/bonplasic.com.ar\/index.php\/wp-json\/wp\/v2\/pages\/3\/revisions\/124"}],"wp:attachment":[{"href":"https:\/\/bonplasic.com.ar\/index.php\/wp-json\/wp\/v2\/media?parent=3"}],"curies":[{"name":"wp","href":"https:\/\/api.w.org\/{rel}","templated":true}]}}