{"id":225,"date":"2021-09-10T02:48:40","date_gmt":"2021-09-10T02:48:40","guid":{"rendered":"https:\/\/bonplasic.com.ar\/?page_id=225"},"modified":"2021-09-10T05:25:09","modified_gmt":"2021-09-10T05:25:09","slug":"pipetas","status":"publish","type":"page","link":"https:\/\/bonplasic.com.ar\/index.php\/home\/productos\/pipetas\/","title":{"rendered":"Pipetas"},"content":{"rendered":"\t\t<div data-elementor-type=\"wp-page\" data-elementor-id=\"225\" class=\"elementor elementor-225\">\n\t\t\t\t\t\t<section class=\"elementor-section elementor-top-section elementor-element elementor-element-5978631b elementor-section-height-full elementor-section-boxed elementor-section-height-default elementor-section-items-middle\" data-id=\"5978631b\" data-element_type=\"section\" data-e-type=\"section\" data-settings=\"{&quot;background_background&quot;:&quot;classic&quot;}\">\n\t\t\t\t\t\t<div class=\"elementor-container elementor-column-gap-default\">\n\t\t\t\t\t<div class=\"elementor-column elementor-col-100 elementor-top-column elementor-element elementor-element-cb5fa8a\" data-id=\"cb5fa8a\" data-element_type=\"column\" data-e-type=\"column\">\n\t\t\t<div class=\"elementor-widget-wrap elementor-element-populated\">\n\t\t\t\t\t\t<div class=\"elementor-element elementor-element-5ee6eba elementor-widget elementor-widget-heading\" data-id=\"5ee6eba\" data-element_type=\"widget\" data-e-type=\"widget\" data-widget_type=\"heading.default\">\n\t\t\t\t<div class=\"elementor-widget-container\">\n\t\t\t\t\t<h2 class=\"elementor-heading-title elementor-size-default\">Pipetas\n\n<\/h2>\t\t\t\t<\/div>\n\t\t\t\t<\/div>\n\t\t\t\t<section class=\"elementor-section elementor-inner-section elementor-element elementor-element-92e80c2 elementor-section-boxed elementor-section-height-default elementor-section-height-default\" data-id=\"92e80c2\" data-element_type=\"section\" data-e-type=\"section\">\n\t\t\t\t\t\t<div class=\"elementor-container elementor-column-gap-default\">\n\t\t\t\t\t<div class=\"elementor-column elementor-col-100 elementor-inner-column elementor-element elementor-element-d15501e\" data-id=\"d15501e\" data-element_type=\"column\" data-e-type=\"column\">\n\t\t\t<div class=\"elementor-widget-wrap elementor-element-populated\">\n\t\t\t\t\t\t<div class=\"elementor-element elementor-element-1bc8aab elementor-invisible elementor-widget elementor-widget-image-gallery\" data-id=\"1bc8aab\" data-element_type=\"widget\" data-e-type=\"widget\" data-settings=\"{&quot;_animation&quot;:&quot;fadeInLeft&quot;}\" data-widget_type=\"image-gallery.default\">\n\t\t\t\t<div class=\"elementor-widget-container\">\n\t\t\t\t\t\t\t<div class=\"elementor-image-gallery\">\n\t\t\t<div id='gallery-1' class='gallery galleryid-225 gallery-columns-4 gallery-size-full'><figure class='gallery-item'>\n\t\t\t<div class='gallery-icon landscape'>\n\t\t\t\t<a data-elementor-open-lightbox=\"yes\" data-elementor-lightbox-slideshow=\"1bc8aab\" data-elementor-lightbox-title=\"Pipeta \u00d8 16mm\" data-e-action-hash=\"#elementor-action%3Aaction%3Dlightbox%26settings%3DeyJpZCI6MjY5LCJ1cmwiOiJodHRwczpcL1wvYm9ucGxhc2ljLmNvbS5hclwvd3AtY29udGVudFwvdXBsb2Fkc1wvMjAyMVwvMDlcL1BpcGV0YS1hYnJlLWZhY2lsLU8tMTZtbS1zY2FsZWQuanBnIiwic2xpZGVzaG93IjoiMWJjOGFhYiJ9\" href='https:\/\/bonplasic.com.ar\/wp-content\/uploads\/2021\/09\/Pipeta-abre-facil-O-16mm-scaled.jpg'><img fetchpriority=\"high\" decoding=\"async\" width=\"2560\" height=\"1297\" src=\"https:\/\/bonplasic.com.ar\/wp-content\/uploads\/2021\/09\/Pipeta-abre-facil-O-16mm-scaled.jpg\" class=\"attachment-full size-full\" alt=\"\" aria-describedby=\"gallery-1-269\" srcset=\"https:\/\/bonplasic.com.ar\/wp-content\/uploads\/2021\/09\/Pipeta-abre-facil-O-16mm-scaled.jpg 2560w, https:\/\/bonplasic.com.ar\/wp-content\/uploads\/2021\/09\/Pipeta-abre-facil-O-16mm-300x152.jpg 300w, https:\/\/bonplasic.com.ar\/wp-content\/uploads\/2021\/09\/Pipeta-abre-facil-O-16mm-1024x519.jpg 1024w, https:\/\/bonplasic.com.ar\/wp-content\/uploads\/2021\/09\/Pipeta-abre-facil-O-16mm-768x389.jpg 768w, https:\/\/bonplasic.com.ar\/wp-content\/uploads\/2021\/09\/Pipeta-abre-facil-O-16mm-1536x778.jpg 1536w, https:\/\/bonplasic.com.ar\/wp-content\/uploads\/2021\/09\/Pipeta-abre-facil-O-16mm-2048x1038.jpg 2048w\" sizes=\"(max-width: 2560px) 100vw, 2560px\" \/><\/a>\n\t\t\t<\/div>\n\t\t\t\t<figcaption class='wp-caption-text gallery-caption' id='gallery-1-269'>\n\t\t\t\tPipeta \u00d8 16mm\n\t\t\t\t<\/figcaption><\/figure><figure class='gallery-item'>\n\t\t\t<div class='gallery-icon landscape'>\n\t\t\t\t<a data-elementor-open-lightbox=\"yes\" data-elementor-lightbox-slideshow=\"1bc8aab\" data-elementor-lightbox-title=\"Pipeta \u00d8 17mm\" data-e-action-hash=\"#elementor-action%3Aaction%3Dlightbox%26settings%3DeyJpZCI6MjcwLCJ1cmwiOiJodHRwczpcL1wvYm9ucGxhc2ljLmNvbS5hclwvd3AtY29udGVudFwvdXBsb2Fkc1wvMjAyMVwvMDlcL1BpcGV0YS1hYnJlLWZhY2lsLU8tMTdtbS1zY2FsZWQuanBnIiwic2xpZGVzaG93IjoiMWJjOGFhYiJ9\" href='https:\/\/bonplasic.com.ar\/wp-content\/uploads\/2021\/09\/Pipeta-abre-facil-O-17mm-scaled.jpg'><img decoding=\"async\" width=\"2560\" height=\"1289\" src=\"https:\/\/bonplasic.com.ar\/wp-content\/uploads\/2021\/09\/Pipeta-abre-facil-O-17mm-scaled.jpg\" class=\"attachment-full size-full\" alt=\"\" aria-describedby=\"gallery-1-270\" srcset=\"https:\/\/bonplasic.com.ar\/wp-content\/uploads\/2021\/09\/Pipeta-abre-facil-O-17mm-scaled.jpg 2560w, https:\/\/bonplasic.com.ar\/wp-content\/uploads\/2021\/09\/Pipeta-abre-facil-O-17mm-300x151.jpg 300w, https:\/\/bonplasic.com.ar\/wp-content\/uploads\/2021\/09\/Pipeta-abre-facil-O-17mm-1024x515.jpg 1024w, https:\/\/bonplasic.com.ar\/wp-content\/uploads\/2021\/09\/Pipeta-abre-facil-O-17mm-768x387.jpg 768w, https:\/\/bonplasic.com.ar\/wp-content\/uploads\/2021\/09\/Pipeta-abre-facil-O-17mm-1536x773.jpg 1536w, https:\/\/bonplasic.com.ar\/wp-content\/uploads\/2021\/09\/Pipeta-abre-facil-O-17mm-2048x1031.jpg 2048w\" sizes=\"(max-width: 2560px) 100vw, 2560px\" \/><\/a>\n\t\t\t<\/div>\n\t\t\t\t<figcaption class='wp-caption-text gallery-caption' id='gallery-1-270'>\n\t\t\t\tPipeta \u00d8 17mm\n\t\t\t\t<\/figcaption><\/figure><figure class='gallery-item'>\n\t\t\t<div class='gallery-icon landscape'>\n\t\t\t\t<a data-elementor-open-lightbox=\"yes\" data-elementor-lightbox-slideshow=\"1bc8aab\" data-elementor-lightbox-title=\"Pipeta \u00d8 25mm\" data-e-action-hash=\"#elementor-action%3Aaction%3Dlightbox%26settings%3DeyJpZCI6MjcxLCJ1cmwiOiJodHRwczpcL1wvYm9ucGxhc2ljLmNvbS5hclwvd3AtY29udGVudFwvdXBsb2Fkc1wvMjAyMVwvMDlcL1BpcGV0YS1hYnJlLWZhY2lsLU8tMjVtbS1zY2FsZWQuanBnIiwic2xpZGVzaG93IjoiMWJjOGFhYiJ9\" href='https:\/\/bonplasic.com.ar\/wp-content\/uploads\/2021\/09\/Pipeta-abre-facil-O-25mm-scaled.jpg'><img decoding=\"async\" width=\"2560\" height=\"1308\" src=\"https:\/\/bonplasic.com.ar\/wp-content\/uploads\/2021\/09\/Pipeta-abre-facil-O-25mm-scaled.jpg\" class=\"attachment-full size-full\" alt=\"\" aria-describedby=\"gallery-1-271\" srcset=\"https:\/\/bonplasic.com.ar\/wp-content\/uploads\/2021\/09\/Pipeta-abre-facil-O-25mm-scaled.jpg 2560w, https:\/\/bonplasic.com.ar\/wp-content\/uploads\/2021\/09\/Pipeta-abre-facil-O-25mm-300x153.jpg 300w, https:\/\/bonplasic.com.ar\/wp-content\/uploads\/2021\/09\/Pipeta-abre-facil-O-25mm-1024x523.jpg 1024w, https:\/\/bonplasic.com.ar\/wp-content\/uploads\/2021\/09\/Pipeta-abre-facil-O-25mm-768x392.jpg 768w, https:\/\/bonplasic.com.ar\/wp-content\/uploads\/2021\/09\/Pipeta-abre-facil-O-25mm-1536x785.jpg 1536w, https:\/\/bonplasic.com.ar\/wp-content\/uploads\/2021\/09\/Pipeta-abre-facil-O-25mm-2048x1046.jpg 2048w\" sizes=\"(max-width: 2560px) 100vw, 2560px\" \/><\/a>\n\t\t\t<\/div>\n\t\t\t\t<figcaption class='wp-caption-text gallery-caption' id='gallery-1-271'>\n\t\t\t\tPipeta \u00d8 25mm\n\t\t\t\t<\/figcaption><\/figure><figure class='gallery-item'>\n\t\t\t<div class='gallery-icon landscape'>\n\t\t\t\t<a data-elementor-open-lightbox=\"yes\" data-elementor-lightbox-slideshow=\"1bc8aab\" data-elementor-lightbox-title=\"Pipeta \u00d8 30mm\" data-e-action-hash=\"#elementor-action%3Aaction%3Dlightbox%26settings%3DeyJpZCI6MjcyLCJ1cmwiOiJodHRwczpcL1wvYm9ucGxhc2ljLmNvbS5hclwvd3AtY29udGVudFwvdXBsb2Fkc1wvMjAyMVwvMDlcL1BpcGV0YS1hYnJlLWZhY2lsLU8tMzBtbS1zY2FsZWQuanBnIiwic2xpZGVzaG93IjoiMWJjOGFhYiJ9\" href='https:\/\/bonplasic.com.ar\/wp-content\/uploads\/2021\/09\/Pipeta-abre-facil-O-30mm-scaled.jpg'><img loading=\"lazy\" decoding=\"async\" width=\"2560\" height=\"1298\" src=\"https:\/\/bonplasic.com.ar\/wp-content\/uploads\/2021\/09\/Pipeta-abre-facil-O-30mm-scaled.jpg\" class=\"attachment-full size-full\" alt=\"\" aria-describedby=\"gallery-1-272\" srcset=\"https:\/\/bonplasic.com.ar\/wp-content\/uploads\/2021\/09\/Pipeta-abre-facil-O-30mm-scaled.jpg 2560w, https:\/\/bonplasic.com.ar\/wp-content\/uploads\/2021\/09\/Pipeta-abre-facil-O-30mm-300x152.jpg 300w, https:\/\/bonplasic.com.ar\/wp-content\/uploads\/2021\/09\/Pipeta-abre-facil-O-30mm-1024x519.jpg 1024w, https:\/\/bonplasic.com.ar\/wp-content\/uploads\/2021\/09\/Pipeta-abre-facil-O-30mm-768x390.jpg 768w, https:\/\/bonplasic.com.ar\/wp-content\/uploads\/2021\/09\/Pipeta-abre-facil-O-30mm-1536x779.jpg 1536w, https:\/\/bonplasic.com.ar\/wp-content\/uploads\/2021\/09\/Pipeta-abre-facil-O-30mm-2048x1039.jpg 2048w\" sizes=\"(max-width: 2560px) 100vw, 2560px\" \/><\/a>\n\t\t\t<\/div>\n\t\t\t\t<figcaption class='wp-caption-text gallery-caption' id='gallery-1-272'>\n\t\t\t\tPipeta \u00d8 30mm\n\t\t\t\t<\/figcaption><\/figure>\n\t\t<\/div>\n\t\t<\/div>\n\t\t\t\t\t\t<\/div>\n\t\t\t\t<\/div>\n\t\t\t\t\t<\/div>\n\t\t<\/div>\n\t\t\t\t\t<\/div>\n\t\t<\/section>\n\t\t\t\t<div class=\"elementor-element elementor-element-1054d28 elementor-widget-divider--view-line elementor-widget elementor-widget-divider\" data-id=\"1054d28\" data-element_type=\"widget\" data-e-type=\"widget\" data-widget_type=\"divider.default\">\n\t\t\t\t<div class=\"elementor-widget-container\">\n\t\t\t\t\t\t\t<div class=\"elementor-divider\">\n\t\t\t<span class=\"elementor-divider-separator\">\n\t\t\t\t\t\t<\/span>\n\t\t<\/div>\n\t\t\t\t\t\t<\/div>\n\t\t\t\t<\/div>\n\t\t\t\t<section class=\"elementor-section elementor-inner-section elementor-element elementor-element-597cbc1 elementor-section-boxed elementor-section-height-default elementor-section-height-default\" data-id=\"597cbc1\" data-element_type=\"section\" data-e-type=\"section\">\n\t\t\t\t\t\t<div class=\"elementor-container elementor-column-gap-default\">\n\t\t\t\t\t<div class=\"elementor-column elementor-col-100 elementor-inner-column elementor-element elementor-element-9742f0f\" data-id=\"9742f0f\" data-element_type=\"column\" data-e-type=\"column\">\n\t\t\t<div class=\"elementor-widget-wrap\">\n\t\t\t\t\t\t\t<\/div>\n\t\t<\/div>\n\t\t\t\t\t<\/div>\n\t\t<\/section>\n\t\t\t\t<section class=\"elementor-section elementor-inner-section elementor-element elementor-element-6754eea elementor-section-boxed elementor-section-height-default elementor-section-height-default\" data-id=\"6754eea\" data-element_type=\"section\" data-e-type=\"section\" data-settings=\"{&quot;background_background&quot;:&quot;slideshow&quot;,&quot;background_slideshow_gallery&quot;:[],&quot;background_slideshow_slide_duration&quot;:5000,&quot;background_slideshow_slide_transition&quot;:&quot;fade&quot;,&quot;background_slideshow_transition_duration&quot;:500}\">\n\t\t\t\t\t\t<div class=\"elementor-container elementor-column-gap-default\">\n\t\t\t\t\t<div class=\"elementor-column elementor-col-50 elementor-inner-column elementor-element elementor-element-2b070b4\" data-id=\"2b070b4\" data-element_type=\"column\" data-e-type=\"column\">\n\t\t\t<div class=\"elementor-widget-wrap elementor-element-populated\">\n\t\t\t\t\t\t<div class=\"elementor-element elementor-element-4a4cbbb elementor-widget elementor-widget-image\" data-id=\"4a4cbbb\" data-element_type=\"widget\" data-e-type=\"widget\" data-widget_type=\"image.default\">\n\t\t\t\t<div class=\"elementor-widget-container\">\n\t\t\t\t\t\t\t\t\t\t\t\t\t\t\t<img loading=\"lazy\" decoding=\"async\" width=\"768\" height=\"387\" src=\"https:\/\/bonplasic.com.ar\/wp-content\/uploads\/2021\/09\/Pipetas-varios-768x387.jpg\" class=\"attachment-medium_large size-medium_large wp-image-273\" alt=\"\" srcset=\"https:\/\/bonplasic.com.ar\/wp-content\/uploads\/2021\/09\/Pipetas-varios-768x387.jpg 768w, https:\/\/bonplasic.com.ar\/wp-content\/uploads\/2021\/09\/Pipetas-varios-300x151.jpg 300w, https:\/\/bonplasic.com.ar\/wp-content\/uploads\/2021\/09\/Pipetas-varios-1024x515.jpg 1024w, https:\/\/bonplasic.com.ar\/wp-content\/uploads\/2021\/09\/Pipetas-varios-1536x773.jpg 1536w, https:\/\/bonplasic.com.ar\/wp-content\/uploads\/2021\/09\/Pipetas-varios-2048x1031.jpg 2048w\" sizes=\"(max-width: 768px) 100vw, 768px\" \/>\t\t\t\t\t\t\t\t\t\t\t\t\t\t\t<\/div>\n\t\t\t\t<\/div>\n\t\t\t\t\t<\/div>\n\t\t<\/div>\n\t\t\t\t<div class=\"elementor-column elementor-col-50 elementor-inner-column elementor-element elementor-element-6d26a5e\" data-id=\"6d26a5e\" data-element_type=\"column\" data-e-type=\"column\" data-settings=\"{&quot;background_background&quot;:&quot;slideshow&quot;,&quot;background_slideshow_gallery&quot;:[{&quot;id&quot;:300,&quot;url&quot;:&quot;https:\\\/\\\/bonplasic.com.ar\\\/wp-content\\\/uploads\\\/2021\\\/09\\\/pipetas-3.jpg&quot;},{&quot;id&quot;:299,&quot;url&quot;:&quot;https:\\\/\\\/bonplasic.com.ar\\\/wp-content\\\/uploads\\\/2021\\\/09\\\/pipetas-2.jpg&quot;},{&quot;id&quot;:298,&quot;url&quot;:&quot;https:\\\/\\\/bonplasic.com.ar\\\/wp-content\\\/uploads\\\/2021\\\/09\\\/pipetas-1.jpg&quot;}],&quot;background_slideshow_ken_burns&quot;:&quot;yes&quot;,&quot;background_slideshow_loop&quot;:&quot;yes&quot;,&quot;background_slideshow_slide_duration&quot;:5000,&quot;background_slideshow_slide_transition&quot;:&quot;fade&quot;,&quot;background_slideshow_transition_duration&quot;:500,&quot;background_slideshow_ken_burns_zoom_direction&quot;:&quot;in&quot;}\">\n\t\t\t<div class=\"elementor-widget-wrap elementor-element-populated\">\n\t\t\t\t\t\t<div class=\"elementor-element elementor-element-46e45d9 elementor-widget elementor-widget-text-editor\" data-id=\"46e45d9\" data-element_type=\"widget\" data-e-type=\"widget\" data-widget_type=\"text-editor.default\">\n\t\t\t\t<div class=\"elementor-widget-container\">\n\t\t\t\t\t\t\t\t\t<p>Bonplasic SRL<\/p>\t\t\t\t\t\t\t\t<\/div>\n\t\t\t\t<\/div>\n\t\t\t\t\t<\/div>\n\t\t<\/div>\n\t\t\t\t\t<\/div>\n\t\t<\/section>\n\t\t\t\t\t<\/div>\n\t\t<\/div>\n\t\t\t\t\t<\/div>\n\t\t<\/section>\n\t\t\t\t<\/div>\n\t\t","protected":false},"excerpt":{"rendered":"<p>Pipetas Pipeta \u00d8 16mm Pipeta \u00d8 17mm Pipeta \u00d8 25mm Pipeta \u00d8 30mm Bonplasic SRL<\/p>\n","protected":false},"author":1,"featured_media":0,"parent":217,"menu_order":0,"comment_status":"closed","ping_status":"closed","template":"elementor_header_footer","meta":{"footnotes":""},"class_list":["post-225","page","type-page","status-publish","hentry"],"_links":{"self":[{"href":"https:\/\/bonplasic.com.ar\/index.php\/wp-json\/wp\/v2\/pages\/225","targetHints":{"allow":["GET"]}}],"collection":[{"href":"https:\/\/bonplasic.com.ar\/index.php\/wp-json\/wp\/v2\/pages"}],"about":[{"href":"https:\/\/bonplasic.com.ar\/index.php\/wp-json\/wp\/v2\/types\/page"}],"author":[{"embeddable":true,"href":"https:\/\/bonplasic.com.ar\/index.php\/wp-json\/wp\/v2\/users\/1"}],"replies":[{"embeddable":true,"href":"https:\/\/bonplasic.com.ar\/index.php\/wp-json\/wp\/v2\/comments?post=225"}],"version-history":[{"count":25,"href":"https:\/\/bonplasic.com.ar\/index.php\/wp-json\/wp\/v2\/pages\/225\/revisions"}],"predecessor-version":[{"id":312,"href":"https:\/\/bonplasic.com.ar\/index.php\/wp-json\/wp\/v2\/pages\/225\/revisions\/312"}],"up":[{"embeddable":true,"href":"https:\/\/bonplasic.com.ar\/index.php\/wp-json\/wp\/v2\/pages\/217"}],"wp:attachment":[{"href":"https:\/\/bonplasic.com.ar\/index.php\/wp-json\/wp\/v2\/media?parent=225"}],"curies":[{"name":"wp","href":"https:\/\/api.w.org\/{rel}","templated":true}]}}